{"id":383,"date":"2018-10-18T22:10:37","date_gmt":"2018-10-18T20:10:37","guid":{"rendered":"https:\/\/www.hotelmamas.sk\/en\/?page_id=383"},"modified":"2023-01-14T21:11:58","modified_gmt":"2023-01-14T20:11:58","slug":"wine-list","status":"publish","type":"page","link":"https:\/\/www.hotelmamas.sk\/en\/hotel-cafe\/wine-list\/","title":{"rendered":"Wine list"},"content":{"rendered":"<style>\r\n.slider {display:none}\r\n<\/style>\r\n<div class=\"uvod\">\r\n\r\n<p class=\"p\">Truth, love and joy have been hidden in wine for centuries. Come and convince yourself. We offer the highest quality Slovak and foreign wines. Our staff will skilfully guide you through the selection process. <\/p>\r\n\r\n<\/div>\r\n\r\n<h1 class=\"hlava\">Wine list<\/h1>\r\n\r\n\r\n  <div class=\"wines\">\r\n    \r\n  <h2 class=\"wine\">White Wines<\/h2>\r\n<table id=\"biele-vina\" border=\"1\" cellspacing=\"0\" cellpadding=\"0\">  \r\n<tbody>\r\n<tr>\r\n<td data-sheets-value=\"{&quot;1&quot;:2,&quot;2&quot;:&quot;Slovakia&quot;}\">Slovakia<\/td>\r\n<td data-sheets-value=\"{&quot;1&quot;:2,&quot;2&quot;:&quot;Chateau Rub\u00e1\u0148 &quot;}\">Chateau Rub\u00e1\u0148<\/td>\r\n<td data-sheets-value=\"{&quot;1&quot;:2,&quot;2&quot;:&quot;Veltl\u00ednske zelen\u00e9 (dry)&quot;}\">Veltl\u00ednske zelen\u00e9 (dry)<\/td>\r\n<td data-sheets-value=\"{&quot;1&quot;:2,&quot;2&quot;:&quot;0,75l&quot;}\">0,75l<\/td>\r\n<td data-sheets-value=\"{&quot;1&quot;:2,&quot;2&quot;:&quot;17,50 \u20ac&quot;}\" data-sheets-numberformat=\"{&quot;1&quot;:1}\">17,50 \u20ac<\/td>\r\n<\/tr>\r\n<tr>\r\n<td data-sheets-value=\"{&quot;1&quot;:2,&quot;2&quot;:&quot;Slovakia&quot;}\">Slovakia<\/td>\r\n<td data-sheets-value=\"{&quot;1&quot;:2,&quot;2&quot;:&quot;Chateau Rub\u00e1\u0148 &quot;}\">Chateau Rub\u00e1\u0148<\/td>\r\n<td data-sheets-value=\"{&quot;1&quot;:2,&quot;2&quot;:&quot;Veltl\u00ednske zelen\u00e9 (dry)&quot;}\">Veltl\u00ednske zelen\u00e9 (dry)<\/td>\r\n<td data-sheets-value=\"{&quot;1&quot;:2,&quot;2&quot;:&quot;0,1l&quot;}\">0,1l<\/td>\r\n<td data-sheets-value=\"{&quot;1&quot;:2,&quot;2&quot;:&quot;2,80 \u20ac&quot;}\" data-sheets-numberformat=\"{&quot;1&quot;:1}\">2,80 \u20ac<\/td>\r\n<\/tr>\r\n<tr>\r\n<td data-sheets-value=\"{&quot;1&quot;:2,&quot;2&quot;:&quot;Slovakia&quot;}\">Slovakia<\/td>\r\n<td data-sheets-value=\"{&quot;1&quot;:2,&quot;2&quot;:&quot;Mrva &amp; Stanko&quot;}\">Mrva &amp; Stanko<\/td>\r\n<td data-sheets-value=\"{&quot;1&quot;:2,&quot;2&quot;:&quot;Rizling r\u00fdnsky (dry)&quot;}\">Rizling r\u00fdnsky (dry)<\/td>\r\n<td data-sheets-value=\"{&quot;1&quot;:2,&quot;2&quot;:&quot;0,75l&quot;}\">0,75l<\/td>\r\n<td data-sheets-value=\"{&quot;1&quot;:2,&quot;2&quot;:&quot;21,60 \u20ac&quot;}\" data-sheets-numberformat=\"{&quot;1&quot;:1}\">21,60 \u20ac<\/td>\r\n<\/tr>\r\n<tr>\r\n<td data-sheets-value=\"{&quot;1&quot;:2,&quot;2&quot;:&quot;Slovakia&quot;}\">Slovakia<\/td>\r\n<td data-sheets-value=\"{&quot;1&quot;:2,&quot;2&quot;:&quot;Terra Wylak &quot;}\">Terra Wylak<\/td>\r\n<td data-sheets-value=\"{&quot;1&quot;:2,&quot;2&quot;:&quot;Rulansk\u00e9 \u0161ed\u00e9 (dry)&quot;}\">Rulansk\u00e9 \u0161ed\u00e9 (dry)<\/td>\r\n<td data-sheets-value=\"{&quot;1&quot;:2,&quot;2&quot;:&quot;0,75l&quot;}\">0,75l<\/td>\r\n<td data-sheets-value=\"{&quot;1&quot;:2,&quot;2&quot;:&quot;21,60 \u20ac&quot;}\" data-sheets-numberformat=\"{&quot;1&quot;:1}\">21,60 \u20ac<\/td>\r\n<\/tr>\r\n<tr>\r\n<td data-sheets-value=\"{&quot;1&quot;:2,&quot;2&quot;:&quot;Rak\u00fasko&quot;}\">Austria<\/td>\r\n<td data-sheets-value=\"{&quot;1&quot;:2,&quot;2&quot;:&quot;Jamek&quot;}\">D\u00fcrnstein <\/td>\r\n<td data-sheets-value=\"{&quot;1&quot;:2,&quot;2&quot;:&quot;Gruner Veltliner Mariegarten Steinfeder (such\u00e9)&quot;}\">Gr\u00fcner Veltliner (dry)<\/td>\r\n<td data-sheets-value=\"{&quot;1&quot;:2,&quot;2&quot;:&quot;0,75l&quot;}\">0,75l<\/td>\r\n<td data-sheets-value=\"{&quot;1&quot;:2,&quot;2&quot;:&quot;28,90&quot;}\" data-sheets-numberformat=\"{&quot;1&quot;:1}\">31,00 \u20ac<\/td>\r\n<\/tr>\r\n<tr>\r\n<td data-sheets-value=\"{&quot;1&quot;:2,&quot;2&quot;:&quot;Germany&quot;}\">Germany<\/td>\r\n<td data-sheets-value=\"{&quot;1&quot;:2,&quot;2&quot;:&quot;Schloss Vollrads&quot;}\">Schloss Vollrads<\/td>\r\n<td data-sheets-value=\"{&quot;1&quot;:2,&quot;2&quot;:&quot;Riesling qba trocken (dry)&quot;}\">Riesling qba trocken (dry)<\/td>\r\n<td data-sheets-value=\"{&quot;1&quot;:2,&quot;2&quot;:&quot;0,75l&quot;}\">0,75l<\/td>\r\n<td data-sheets-value=\"{&quot;1&quot;:2,&quot;2&quot;:&quot;22,96 \u20ac&quot;}\" data-sheets-numberformat=\"{&quot;1&quot;:1}\">22,96 \u20ac<\/td>\r\n<\/tr>\r\n<tr>\r\n<td data-sheets-value=\"{&quot;1&quot;:2,&quot;2&quot;:&quot;France&quot;}\">France<\/td>\r\n<td data-sheets-value=\"{&quot;1&quot;:2,&quot;2&quot;:&quot;Trimbach&quot;}\">Trimbach<\/td>\r\n<td data-sheets-value=\"{&quot;1&quot;:2,&quot;2&quot;:&quot;Pinot grigio reserve (dry)&quot;}\">Pinot grigio reserve (dry)<\/td>\r\n<td data-sheets-value=\"{&quot;1&quot;:2,&quot;2&quot;:&quot;0,75l&quot;}\">0,75l<\/td>\r\n<td data-sheets-value=\"{&quot;1&quot;:2,&quot;2&quot;:&quot;28,90 \u20ac&quot;}\" data-sheets-numberformat=\"{&quot;1&quot;:1}\">28,90 \u20ac<\/td>\r\n<\/tr>\r\n<tr>\r\n<td data-sheets-value=\"{&quot;1&quot;:2,&quot;2&quot;:&quot;New Zealand&quot;}\">New Zealand<\/td>\r\n<td data-sheets-value=\"{&quot;1&quot;:2,&quot;2&quot;:&quot;Sileni&quot;}\">Sileni<\/td>\r\n<td data-sheets-value=\"{&quot;1&quot;:2,&quot;2&quot;:&quot;Sauvignon cellar selection (dry)&quot;}\">Sauvignon cellar selection (dry)<\/td>\r\n<td data-sheets-value=\"{&quot;1&quot;:2,&quot;2&quot;:&quot;0,75l&quot;}\">0,75l<\/td>\r\n<td data-sheets-value=\"{&quot;1&quot;:2,&quot;2&quot;:&quot;16,00 \u20ac&quot;}\" data-sheets-numberformat=\"{&quot;1&quot;:1}\">16,00 \u20ac<\/td>\r\n<\/tr>\r\n<tr>\r\n<td data-sheets-value=\"{&quot;1&quot;:2,&quot;2&quot;:&quot;Spain&quot;}\">Spain<\/td>\r\n<td data-sheets-value=\"{&quot;1&quot;:2,&quot;2&quot;:&quot;Segura Viudas&quot;}\">Segura Viudas<\/td>\r\n<td data-sheets-value=\"{&quot;1&quot;:2,&quot;2&quot;:&quot;Oroya (dry)&quot;}\">Oroya (dry)<\/td>\r\n<td data-sheets-value=\"{&quot;1&quot;:2,&quot;2&quot;:&quot;0,75l&quot;}\">0,75l<\/td>\r\n<td data-sheets-value=\"{&quot;1&quot;:2,&quot;2&quot;:&quot;14,00 \u20ac&quot;}\" data-sheets-numberformat=\"{&quot;1&quot;:1}\">14,00 \u20ac<\/td>\r\n<\/tr>\r\n<tr>\r\n<td data-sheets-value=\"{&quot;1&quot;:2,&quot;2&quot;:&quot;Spain&quot;}\">Spain<\/td>\r\n<td data-sheets-value=\"{&quot;1&quot;:2,&quot;2&quot;:&quot;Segura Viudas&quot;}\">Segura Viudas<\/td>\r\n<td data-sheets-value=\"{&quot;1&quot;:2,&quot;2&quot;:&quot;Oroya (dry)&quot;}\">Oroya (dry)<\/td>\r\n<td data-sheets-value=\"{&quot;1&quot;:2,&quot;2&quot;:&quot;0,1l&quot;}\">0,1l<\/td>\r\n<td data-sheets-value=\"{&quot;1&quot;:2,&quot;2&quot;:&quot;2,50 \u20ac&quot;}\" data-sheets-numberformat=\"{&quot;1&quot;:1}\">2,50 \u20ac<\/td>\r\n<\/tr>\r\n<\/tbody>\r\n<\/table>\r\n\r\n\r\n\r\n\r\n\r\n  <h2 class=\"wine\">Red Wines<\/h2>\r\n<table id=\"biele-vina\" border=\"1\" cellspacing=\"0\" cellpadding=\"0\">  \r\n\r\n<tbody>\r\n<tr>\r\n<td data-sheets-value=\"{&quot;1&quot;:2,&quot;2&quot;:&quot;Slovakia&quot;}\">Slovakia<\/td>\r\n<td data-sheets-value=\"{&quot;1&quot;:2,&quot;2&quot;:&quot;Juraj Z\u00e1pra\u017en\u00fd&quot;}\">Juraj Z\u00e1pra\u017en\u00fd<\/td>\r\n<td data-sheets-value=\"{&quot;1&quot;:2,&quot;2&quot;:&quot;Dunaj (dry)&quot;}\">Dunaj (dry)<\/td>\r\n<td data-sheets-value=\"{&quot;1&quot;:2,&quot;2&quot;:&quot;0,75l&quot;}\">0,75l<\/td>\r\n<td data-sheets-value=\"{&quot;1&quot;:2,&quot;2&quot;:&quot;19,20 \u20ac&quot;}\" data-sheets-numberformat=\"{&quot;1&quot;:1}\">19,20 \u20ac<\/td>\r\n<\/tr>\r\n<tr>\r\n<td data-sheets-value=\"{&quot;1&quot;:2,&quot;2&quot;:&quot;Slovakia&quot;}\">Slovakia<\/td>\r\n<td data-sheets-value=\"{&quot;1&quot;:2,&quot;2&quot;:&quot;Juraj Z\u00e1pra\u017en\u00fd&quot;}\">Juraj Z\u00e1pra\u017en\u00fd<\/td>\r\n<td data-sheets-value=\"{&quot;1&quot;:2,&quot;2&quot;:&quot;Dunaj (dry)&quot;}\">Dunaj (dry)<\/td>\r\n<td data-sheets-value=\"{&quot;1&quot;:2,&quot;2&quot;:&quot;0,1l&quot;}\">0,1l<\/td>\r\n<td data-sheets-value=\"{&quot;1&quot;:2,&quot;2&quot;:&quot;3,50 \u20ac&quot;}\" data-sheets-numberformat=\"{&quot;1&quot;:1}\">3,50 \u20ac<\/td>\r\n<\/tr>\r\n<tr>\r\n<td data-sheets-value=\"{&quot;1&quot;:2,&quot;2&quot;:&quot;Slovakia&quot;}\">Slovakia<\/td>\r\n<td data-sheets-value=\"{&quot;1&quot;:2,&quot;2&quot;:&quot;Mrva &amp; Stanko&quot;}\">Mrva &amp; Stanko<\/td>\r\n<td data-sheets-value=\"{&quot;1&quot;:2,&quot;2&quot;:&quot;Frankovka modr\u00e1 (dry)&quot;}\">Frankovka modr\u00e1 (dry)<\/td>\r\n<td data-sheets-value=\"{&quot;1&quot;:2,&quot;2&quot;:&quot;0,75l&quot;}\">0,75l<\/td>\r\n<td data-sheets-value=\"{&quot;1&quot;:2,&quot;2&quot;:&quot;20,60 \u20ac&quot;}\" data-sheets-numberformat=\"{&quot;1&quot;:1}\">20,60 \u20ac<\/td>\r\n<\/tr>\r\n<tr>\r\n<td data-sheets-value=\"{&quot;1&quot;:2,&quot;2&quot;:&quot;Slovakia&quot;}\">Slovakia<\/td>\r\n<td data-sheets-value=\"{&quot;1&quot;:2,&quot;2&quot;:&quot;Fedor Mal\u00edk&amp;syn&quot;}\">Fedor Mal\u00edk&amp;syn<\/td>\r\n<td data-sheets-value=\"{&quot;1&quot;:2,&quot;2&quot;:&quot;Hrom (dry)&quot;}\">Hrom (dry)<\/td>\r\n<td data-sheets-value=\"{&quot;1&quot;:2,&quot;2&quot;:&quot;0,75l&quot;}\">0,75l<\/td>\r\n<td data-sheets-value=\"{&quot;1&quot;:2,&quot;2&quot;:&quot;41,00 \u20ac&quot;}\" data-sheets-numberformat=\"{&quot;1&quot;:1}\">41,00 \u20ac<\/td>\r\n<\/tr>\r\n<tr>\r\n<td data-sheets-value=\"{&quot;1&quot;:2,&quot;2&quot;:&quot;Italy&quot;}\">Italy<\/td>\r\n<td data-sheets-value=\"{&quot;1&quot;:2,&quot;2&quot;:&quot;Varvaglione&quot;}\">Varvaglione<\/td>\r\n<td data-sheets-value=\"{&quot;1&quot;:2,&quot;2&quot;:&quot;Primitivo di manduria \\&quot;papale oro\\&quot; (dry)&quot;}\">Primitivo di manduria &#8220;papale oro&#8221; (dry)<\/td>\r\n<td data-sheets-value=\"{&quot;1&quot;:2,&quot;2&quot;:&quot;0,75l&quot;}\">0,75l<\/td>\r\n<td data-sheets-value=\"{&quot;1&quot;:2,&quot;2&quot;:&quot;40,00 \u20ac&quot;}\" data-sheets-numberformat=\"{&quot;1&quot;:1}\">40,00 \u20ac<\/td>\r\n<\/tr>\r\n<tr>\r\n<td data-sheets-value=\"{&quot;1&quot;:2,&quot;2&quot;:&quot;Italy&quot;}\">Italy<\/td>\r\n<td data-sheets-value=\"{&quot;1&quot;:2,&quot;2&quot;:&quot;Villa Poggio Salvi &quot;}\">Villa Poggio Salvi<\/td>\r\n<td data-sheets-value=\"{&quot;1&quot;:2,&quot;2&quot;:&quot;Brunello di Montalcino Riserva (dry)&quot;}\">Brunello di Montalcino Riserva (dry)<\/td>\r\n<td data-sheets-value=\"{&quot;1&quot;:2,&quot;2&quot;:&quot;0,75l&quot;}\">0,75l<\/td>\r\n<td data-sheets-value=\"{&quot;1&quot;:2,&quot;2&quot;:&quot;115,50 \u20ac&quot;}\" data-sheets-numberformat=\"{&quot;1&quot;:1}\">115,50 \u20ac<\/td>\r\n<\/tr>\r\n<tr>\r\n<td data-sheets-value=\"{&quot;1&quot;:2,&quot;2&quot;:&quot;Chile&quot;}\">Chile<\/td>\r\n<td data-sheets-value=\"{&quot;1&quot;:2,&quot;2&quot;:&quot;Santa rita&quot;}\">Santa rita<\/td>\r\n<td data-sheets-value=\"{&quot;1&quot;:2,&quot;2&quot;:&quot;Cabernet sauvignon medalla real (dry)&quot;}\">Cabernet sauvignon medalla real (dry)<\/td>\r\n<td data-sheets-value=\"{&quot;1&quot;:2,&quot;2&quot;:&quot;0,75l&quot;}\">0,75l<\/td>\r\n<td data-sheets-value=\"{&quot;1&quot;:2,&quot;2&quot;:&quot;21,60 \u20ac&quot;}\" data-sheets-numberformat=\"{&quot;1&quot;:1}\">21,60 \u20ac<\/td>\r\n<\/tr>\r\n<\/tbody>\r\n<\/table>\r\n\r\n\r\n\r\n\r\n  <h2 class=\"wine\">DESSERT WINES<\/h2>\r\n<table id=\"biele-vina\" border=\"1\" cellspacing=\"0\" cellpadding=\"0\">  \r\n\r\n<tbody>\r\n<tr>\r\n<td data-sheets-value=\"{&quot;1&quot;:2,&quot;2&quot;:&quot;Slovakia&quot;}\">Slovakia<\/td>\r\n<td data-sheets-value=\"{&quot;1&quot;:2,&quot;2&quot;:&quot;J&amp;J Ostro\u017eovi\u010d &quot;}\">J&amp;J Ostro\u017eovi\u010d<\/td>\r\n<td data-sheets-value=\"{&quot;1&quot;:2,&quot;2&quot;:&quot;Tokajsk\u00fd v\u00fdber 5 put\u0148ov\u00fd (sweet)&quot;}\">Tokajsk\u00fd v\u00fdber 5 put\u0148ov\u00fd (sweet)<\/td>\r\n<td data-sheets-value=\"{&quot;1&quot;:2,&quot;2&quot;:&quot;0,375l&quot;}\">0,375l<\/td>\r\n<td data-sheets-value=\"{&quot;1&quot;:2,&quot;2&quot;:&quot;42,90 \u20ac&quot;}\" data-sheets-numberformat=\"{&quot;1&quot;:1}\">42,90 \u20ac<\/td>\r\n<\/tr>\r\n<tr>\r\n<td data-sheets-value=\"{&quot;1&quot;:2,&quot;2&quot;:&quot;Slovakia&quot;}\">Slovakia<\/td>\r\n<td data-sheets-value=\"{&quot;1&quot;:2,&quot;2&quot;:&quot;J&amp;J Ostro\u017eovi\u010d&quot;}\">J&amp;J Ostro\u017eovi\u010d<\/td>\r\n<td data-sheets-value=\"{&quot;1&quot;:2,&quot;2&quot;:&quot;Mu\u0161k\u00e1t \u017elt\u00fd Saturnia (white, sweet, raisin selection) 0,5 l&quot;}\">Mu\u0161k\u00e1t \u017elt\u00fd Saturnia (white, sweet, raisin selection) 0,5 l<\/td>\r\n<td data-sheets-value=\"{&quot;1&quot;:2,&quot;2&quot;:&quot;0,5l&quot;}\">0,5l<\/td>\r\n<td data-sheets-value=\"{&quot;1&quot;:2,&quot;2&quot;:&quot;30,20 \u20ac&quot;}\">30,20 \u20ac<\/td>\r\n<\/tr>\r\n<tr>\r\n<td data-sheets-value=\"{&quot;1&quot;:2,&quot;2&quot;:&quot;Austria&quot;}\">Austria<\/td>\r\n<td data-sheets-value=\"{&quot;1&quot;:2,&quot;2&quot;:&quot;G+R Triebaumer&quot;}\">G+R Triebaumer<\/td>\r\n<td data-sheets-value=\"{&quot;1&quot;:2,&quot;2&quot;:&quot;Chardonnay beerenauslese (white, sweet) 0,375 l&quot;}\">Chardonnay beerenauslese (white, sweet) 0,375 l<\/td>\r\n<td data-sheets-value=\"{&quot;1&quot;:2,&quot;2&quot;:&quot;0,375 l&quot;}\">0,375 l<\/td>\r\n<td data-sheets-value=\"{&quot;1&quot;:2,&quot;2&quot;:&quot;28,00 \u20ac&quot;}\">28,00 \u20ac<\/td>\r\n<\/tr>\r\n<\/tbody>\r\n<\/table>\r\n\r\n  \r\n\r\n\r\n\r\n  <h2 class=\"wine\">ROS\u00c9 WINES<\/h2>\r\n<table id=\"biele-vina\" border=\"1\" cellspacing=\"0\" cellpadding=\"0\">  \r\n<tbody>\r\n<tr>\r\n<td data-sheets-value=\"{&quot;1&quot;:2,&quot;2&quot;:&quot;Austria&quot;}\">Austria<\/td>\r\n<td data-sheets-value=\"{&quot;1&quot;:2,&quot;2&quot;:&quot;Nimmervoll&quot;}\">Nimmervoll<\/td>\r\n<td data-sheets-value=\"{&quot;1&quot;:2,&quot;2&quot;:&quot;Zweigelt rose (dry)&quot;}\">Zweigelt rose (dry)<\/td>\r\n<td data-sheets-value=\"{&quot;1&quot;:2,&quot;2&quot;:&quot;0,75l&quot;}\">0,75l<\/td>\r\n<td data-sheets-value=\"{&quot;1&quot;:2,&quot;2&quot;:&quot;16,80 \u20ac&quot;}\" data-sheets-numberformat=\"{&quot;1&quot;:1}\">16,80 \u20ac<\/td>\r\n<\/tr>\r\n<tr>\r\n<td data-sheets-value=\"{&quot;1&quot;:2,&quot;2&quot;:&quot;Slovensko&quot;}\">Slovakia<\/td>\r\n<td data-sheets-value=\"{&quot;1&quot;:2,&quot;2&quot;:&quot;Karpatsk\u00e1 Perla&quot;}\">Karpatsk\u00e1 Perla<\/td>\r\n<td data-sheets-value=\"{&quot;1&quot;:2,&quot;2&quot;:&quot; Frankovka modr\u00e1 ros\u00e9 (such\u00e9, ru\u017eov\u00e9, v\u00fdber z hrozna)&quot;}\">Frankovka modr\u00e1 ros\u00e9 (such\u00e9, ru\u017eov\u00e9, v\u00fdber z hrozna)<\/td>\r\n<td data-sheets-value=\"{&quot;1&quot;:2,&quot;2&quot;:&quot;0,75 l&quot;}\">0,75 l<\/td>\r\n<td data-sheets-value=\"{&quot;1&quot;:2,&quot;2&quot;:&quot;13,50&quot;}\" data-sheets-numberformat=\"{&quot;1&quot;:1}\">13,50 \u20ac<\/td>\r\n<\/tr>\r\n<\/tbody>\r\n<\/table>\r\n\r\n\r\n\r\n<h2 class=\"wine\">SPARKLING WINES<\/h2>\r\n<table id=\"biele-vina\" border=\"1\" cellspacing=\"0\" cellpadding=\"0\">  \r\n<tbody>\r\n<tr>\r\n<td data-sheets-value=\"{&quot;1&quot;:2,&quot;2&quot;:&quot;Italy&quot;}\">Italy<\/td>\r\n<td data-sheets-value=\"{&quot;1&quot;:2,&quot;2&quot;:&quot;Bortolin Angelo&quot;}\">Bortolin Angelo<\/td>\r\n<td data-sheets-value=\"{&quot;1&quot;:2,&quot;2&quot;:&quot;Prosecco valdobbiadene (dry, d.o.c.g.)&quot;}\">Prosecco valdobbiadene (dry, d.o.c.g.)<\/td>\r\n<td data-sheets-value=\"{&quot;1&quot;:2,&quot;2&quot;:&quot;0,75l&quot;}\">0,75l<\/td>\r\n<td data-sheets-value=\"{&quot;1&quot;:2,&quot;2&quot;:&quot;16,70 \u20ac&quot;}\" data-sheets-numberformat=\"{&quot;1&quot;:1}\">16,70 \u20ac<\/td>\r\n<\/tr>\r\n<tr>\r\n<td data-sheets-value=\"{&quot;1&quot;:2,&quot;2&quot;:&quot;Italy&quot;}\">Italy<\/td>\r\n<td data-sheets-value=\"{&quot;1&quot;:2,&quot;2&quot;:&quot;Bortolin Angelo&quot;}\">Bortolin Angelo<\/td>\r\n<td data-sheets-value=\"{&quot;1&quot;:2,&quot;2&quot;:&quot;Prosecco valdobbiadene (dry, d.o.c.g.)&quot;}\">Prosecco valdobbiadene (dry, d.o.c.g.)<\/td>\r\n<td data-sheets-value=\"{&quot;1&quot;:2,&quot;2&quot;:&quot;0,1l&quot;}\">0,1l<\/td>\r\n<td data-sheets-value=\"{&quot;1&quot;:2,&quot;2&quot;:&quot;3,5 \u20ac&quot;}\" data-sheets-numberformat=\"{&quot;1&quot;:4,&quot;2&quot;:&quot;#,##0.00\\&quot;\u20ac\\&quot;&quot;,&quot;3&quot;:1}\">3,5 \u20ac<\/td>\r\n<\/tr>\r\n<tr>\r\n<td data-sheets-value=\"{&quot;1&quot;:2,&quot;2&quot;:&quot;Slovakia&quot;}\">Slovakia<\/td>\r\n<td data-sheets-value=\"{&quot;1&quot;:2,&quot;2&quot;:&quot;Mrva &amp; Stanko&quot;}\">Mrva &amp; Stanko<\/td>\r\n<td data-sheets-value=\"{&quot;1&quot;:2,&quot;2&quot;:&quot;Grand cuv\u00e9e (white, brut) &quot;}\">Grand cuv\u00e9e (white, brut)<\/td>\r\n<td data-sheets-value=\"{&quot;1&quot;:2,&quot;2&quot;:&quot;0,75l&quot;}\">0,75l<\/td>\r\n<td data-sheets-value=\"{&quot;1&quot;:2,&quot;2&quot;:&quot;23,80 \u20ac&quot;}\">23,80 \u20ac<\/td>\r\n<\/tr>\r\n<tr>\r\n<td data-sheets-value=\"{&quot;1&quot;:2,&quot;2&quot;:&quot;France&quot;}\">France<\/td>\r\n<td data-sheets-value=\"{&quot;1&quot;:2,&quot;2&quot;:&quot;Boizel&quot;}\">Boizel<\/td>\r\n<td data-sheets-value=\"{&quot;1&quot;:2,&quot;2&quot;:&quot;Champagne res\u00e9rve (white, brut)&quot;}\">Champagne res\u00e9rve (white, brut)<\/td>\r\n<td data-sheets-value=\"{&quot;1&quot;:2,&quot;2&quot;:&quot;0,75l&quot;}\">0,75l<\/td>\r\n<td data-sheets-value=\"{&quot;1&quot;:2,&quot;2&quot;:&quot;66,50 \u20ac&quot;}\">66,50 \u20ac<\/td>\r\n<\/tr>\r\n<\/tbody>\r\n<\/table>\r\n\r\n\r\n\r\n  <\/div>\r\n\r\n","protected":false},"excerpt":{"rendered":"Truth, love and joy have been hidden in wine for centuries. Come and convince yourself. We offer the highest quality Slovak and foreign wines. Our staff will skilfully guide you through the selection process. Wine list White Wines Slovakia Chateau Rub\u00e1\u0148 Veltl\u00ednske zelen\u00e9 (dry) 0,75l 17,50 \u20ac Slovakia Chateau Rub\u00e1\u0148 Veltl\u00ednske zelen\u00e9 (dry) 0,1l 2,80 &hellip; <p class=\"link-more\"><a href=\"https:\/\/www.hotelmamas.sk\/en\/hotel-cafe\/wine-list\/\" class=\"more-link\">Continue reading<span class=\"screen-reader-text\"> &#8220;Wine list&#8221;<\/span><\/a><\/p>","protected":false},"author":1,"featured_media":0,"parent":3948,"menu_order":0,"comment_status":"closed","ping_status":"closed","template":"","meta":{"inline_featured_image":false,"footnotes":""},"_links":{"self":[{"href":"https:\/\/www.hotelmamas.sk\/en\/wp-json\/wp\/v2\/pages\/383"}],"collection":[{"href":"https:\/\/www.hotelmamas.sk\/en\/wp-json\/wp\/v2\/pages"}],"about":[{"href":"https:\/\/www.hotelmamas.sk\/en\/wp-json\/wp\/v2\/types\/page"}],"author":[{"embeddable":true,"href":"https:\/\/www.hotelmamas.sk\/en\/wp-json\/wp\/v2\/users\/1"}],"replies":[{"embeddable":true,"href":"https:\/\/www.hotelmamas.sk\/en\/wp-json\/wp\/v2\/comments?post=383"}],"version-history":[{"count":8,"href":"https:\/\/www.hotelmamas.sk\/en\/wp-json\/wp\/v2\/pages\/383\/revisions"}],"predecessor-version":[{"id":3954,"href":"https:\/\/www.hotelmamas.sk\/en\/wp-json\/wp\/v2\/pages\/383\/revisions\/3954"}],"up":[{"embeddable":true,"href":"https:\/\/www.hotelmamas.sk\/en\/wp-json\/wp\/v2\/pages\/3948"}],"wp:attachment":[{"href":"https:\/\/www.hotelmamas.sk\/en\/wp-json\/wp\/v2\/media?parent=383"}],"curies":[{"name":"wp","href":"https:\/\/api.w.org\/{rel}","templated":true}]}}